{"id":788,"date":"2026-01-26T21:02:34","date_gmt":"2026-01-26T20:02:34","guid":{"rendered":"https:\/\/wuk-floorball.be\/?page_id=788"},"modified":"2026-03-21T10:23:16","modified_gmt":"2026-03-21T09:23:16","slug":"le-wuk-pour-les-jeunes","status":"publish","type":"page","link":"https:\/\/wuk-floorball.be\/index.php\/le-wuk-pour-les-jeunes\/","title":{"rendered":"Le WUK pour les jeunes"},"content":{"rendered":"\n<p>Le WUK a pour objectif de faire d\u00e9couvrir le floorball aux plus jeunes \u00e9galement. Plusieurs activit\u00e9s sont d\u00e9j\u00e0 possibles en attendant le d\u00e9marrage des entrainements r\u00e9guliers.<\/p>\n\n\n\n<div class=\"wp-block-group wuk-info-frame is-vertical is-layout-flex wp-container-core-group-is-layout-8cf370e7 wp-block-group-is-layout-flex\">\n<h2 class=\"wp-block-heading\">Tournoi inter-\u00e9coles &#8211; Mercredi 15 avril 2026<\/h2>\n\n\n\n<p>Tu vas \u00e0 l&rsquo;\u00e9cole dans les environs de Wavre? tu veux te tester au floorball avec une bande de potes? Parlez-en \u00e0 votre prof de sport, constituez une \u00e9quipe et inscrivez-vous au tournoi inter-\u00e9coles organis\u00e9 par le WUK. N&rsquo;h\u00e9sitez pas \u00e0 nous contacter via nos r\u00e9seaux (FB, INstagram) pour les d\u00e9tails.<\/p>\n\n\n\n<figure class=\"wp-block-image size-large is-style-default\"><img loading=\"lazy\" decoding=\"async\" width=\"724\" height=\"1024\" src=\"http:\/\/wuk-floorball.be\/wp-content\/uploads\/2026\/03\/Flyers_InterEcole_2026-724x1024.png\" alt=\"\" class=\"wp-image-937\" style=\"object-fit:cover\" srcset=\"https:\/\/wuk-floorball.be\/wp-content\/uploads\/2026\/03\/Flyers_InterEcole_2026-724x1024.png 724w, https:\/\/wuk-floorball.be\/wp-content\/uploads\/2026\/03\/Flyers_InterEcole_2026-212x300.png 212w, https:\/\/wuk-floorball.be\/wp-content\/uploads\/2026\/03\/Flyers_InterEcole_2026-768x1086.png 768w, https:\/\/wuk-floorball.be\/wp-content\/uploads\/2026\/03\/Flyers_InterEcole_2026-764x1080.png 764w, https:\/\/wuk-floorball.be\/wp-content\/uploads\/2026\/03\/Flyers_InterEcole_2026.png 800w\" sizes=\"auto, (max-width: 724px) 100vw, 724px\" \/><\/figure>\n\n\n\n<p>&nbsp;<\/p>\n<\/div>\n\n\n\n<p>   <\/p>\n\n\n\n<div class=\"wp-block-group wuk-info-frame is-vertical is-layout-flex wp-container-core-group-is-layout-8cf370e7 wp-block-group-is-layout-flex\">\n<h2 class=\"wp-block-heading\">Initiation au floorball &#8211; 10-16 ans &#8211; 1er jeudi du cong\u00e9<\/h2>\n\n\n\n<p>La team du WUK propose un entra\u00eenement d\u00e9couverte et gratuit de Floorball (Unihockey) pour les jeunes entre 10 et 16 ans. Rendez-vous jeudi 19 f\u00e9vrier \u00e0 19h30 \u00e0 la salle omni-sport de l&rsquo;Ecole Internationale Le Verseau (\u00e0 Bierges, Wavre). Nous sommes impatient de vous y voir et de vous partager notre passion.<br>N&rsquo;h\u00e9sitez pas \u00e0 en parler autour de vous.<\/p>\n\n\n\n<figure class=\"wp-block-image size-large is-style-default\"><img loading=\"lazy\" decoding=\"async\" width=\"724\" height=\"1024\" src=\"http:\/\/wuk-floorball.be\/wp-content\/uploads\/2026\/02\/Flyers_Promo10_16_Carnaval2026-724x1024.png\" alt=\"\" class=\"wp-image-903\" style=\"object-fit:cover\" srcset=\"https:\/\/wuk-floorball.be\/wp-content\/uploads\/2026\/02\/Flyers_Promo10_16_Carnaval2026-724x1024.png 724w, https:\/\/wuk-floorball.be\/wp-content\/uploads\/2026\/02\/Flyers_Promo10_16_Carnaval2026-212x300.png 212w, https:\/\/wuk-floorball.be\/wp-content\/uploads\/2026\/02\/Flyers_Promo10_16_Carnaval2026-768x1086.png 768w, https:\/\/wuk-floorball.be\/wp-content\/uploads\/2026\/02\/Flyers_Promo10_16_Carnaval2026-764x1080.png 764w, https:\/\/wuk-floorball.be\/wp-content\/uploads\/2026\/02\/Flyers_Promo10_16_Carnaval2026.png 800w\" sizes=\"auto, (max-width: 724px) 100vw, 724px\" \/><\/figure>\n\n\n\n<p>&nbsp;<\/p>\n<\/div>\n\n\n\n<p>  <\/p>\n\n\n\n<p><\/p>\n\n\n\n<div class=\"wp-block-group wuk-info-frame is-vertical is-layout-flex wp-container-core-group-is-layout-8cf370e7 wp-block-group-is-layout-flex\">\n<h2 class=\"wp-block-heading\">Stage durant les vacances scolaires &#8211; F\u00e9vrier 2026<\/h2>\n\n\n\n<p>Le WUK organise un stage de unihockey durant la 2\u00e8me semaine du cong\u00e9 de f\u00e9vrier (du 23 au 27)!<\/p>\n\n\n\n<p>Apr\u00e8s le succ\u00e8s de notre premi\u00e8re exp\u00e9rience \u00e0 la Toussaint, nous renouvelons notre partenariat avec Promo-Sport pour proposer un stage aux 3-12 ans durant la 2\u00e8me semaine du cong\u00e9 de f\u00e9vrier (du 23 au 27).<\/p>\n\n\n\n<p>Promo-Sport g\u00e8re l&rsquo;organisation et l&rsquo;encadrement g\u00e9n\u00e9rale et notre club assure l&rsquo;animation sportive du unihockey. Les formules Promo-Sport sont des demi-journ\u00e9es de stage: votre enfant combine le unihockey&nbsp;avec un autre sport ou activit\u00e9 au choix. Une garderie est \u00e9galement pr\u00e9vue.<\/p>\n\n\n\n<p>Le stage aura lieu \u00e0 l&rsquo;Ecole International Le Verseau \u00e0 Bierges (Wavre). Les d\u00e9tails pratiques et le formulaire d&rsquo;inscription sont disponibles \u00e0 ce lien:<br><a href=\"https:\/\/mya-sport.be\/fr\/pr1\/home\/639?category=stages+%28holiday+camps%29&amp;disciplineid=116&amp;disciplineName=Unihockey&amp;disciplineCard=true&amp;redirect=book&amp;page=1&amp;pricing=jour\" target=\"_blank\" rel=\"noreferrer noopener\">https:\/\/mya-sport.be\/fr\/pr1\/home\/639?category=stages+%28holiday+camps%29&amp;disciplineid=116&amp;disciplineName=Unihockey&amp;disciplineCard=true&amp;redirect=book&amp;page=1&amp;pricing=jour<\/a><\/p>\n\n\n\n<p>Notez qu&rsquo;une r\u00e9duction de 25% est offerte pour toute inscription avant le 31 janvier! (d\u00e9tails sur le site de <a href=\"https:\/\/www.promo-sport.be\/\">Promo-Sport<\/a>).<\/p>\n\n\n\n<p>N&rsquo;h\u00e9sitez pas \u00e0 nous contacter pour de plus amples informations.<\/p>\n\n\n\n<figure class=\"wp-block-image size-large is-style-default\"><img loading=\"lazy\" decoding=\"async\" width=\"725\" height=\"1024\" src=\"https:\/\/wuk-floorball.be\/wp-content\/uploads\/2026\/01\/202602_carnaval_stage_promo_version_blue-725x1024.png\" alt=\"\" class=\"wp-image-825\" style=\"object-fit:cover\" srcset=\"https:\/\/wuk-floorball.be\/wp-content\/uploads\/2026\/01\/202602_carnaval_stage_promo_version_blue-725x1024.png 725w, https:\/\/wuk-floorball.be\/wp-content\/uploads\/2026\/01\/202602_carnaval_stage_promo_version_blue-212x300.png 212w, https:\/\/wuk-floorball.be\/wp-content\/uploads\/2026\/01\/202602_carnaval_stage_promo_version_blue.png 750w\" sizes=\"auto, (max-width: 725px) 100vw, 725px\" \/><\/figure>\n\n\n\n<p>&nbsp;<\/p>\n<\/div>\n\n\n\n<div class=\"wp-block-columns is-layout-flex wp-container-core-columns-is-layout-9d6595d7 wp-block-columns-is-layout-flex\">\n<div class=\"wp-block-column is-layout-flow wp-block-column-is-layout-flow\"><\/div>\n<\/div>\n\n\n\n<p><\/p>\n\n\n\n<p><\/p>\n","protected":false},"excerpt":{"rendered":"<p>Le WUK a pour objectif de faire d\u00e9couvrir le floorball aux plus jeunes \u00e9galement. Plusieurs activit\u00e9s sont d\u00e9j\u00e0 possibles en attendant le d\u00e9marrage des entrainements r\u00e9guliers. Tournoi inter-\u00e9coles &#8211; Mercredi 15 avril 2026 Tu vas \u00e0 l&rsquo;\u00e9cole dans les environs de Wavre? tu veux te tester au floorball avec une bande de potes? Parlez-en \u00e0&hellip; <br \/> <a class=\"button small blue\" href=\"https:\/\/wuk-floorball.be\/index.php\/le-wuk-pour-les-jeunes\/\">Lire la suite<\/a><\/p>\n","protected":false},"author":1,"featured_media":0,"parent":0,"menu_order":0,"comment_status":"closed","ping_status":"closed","template":"","meta":{"iawp_total_views":76,"footnotes":""},"class_list":["post-788","page","type-page","status-publish","hentry"],"yoast_head":"<!-- This site is optimized with the Yoast SEO plugin v26.6 - https:\/\/yoast.com\/wordpress\/plugins\/seo\/ -->\n<title>Le WUK pour les jeunes - Wavre Unihockey Kangourous<\/title>\n<meta name=\"robots\" content=\"index, follow, max-snippet:-1, max-image-preview:large, max-video-preview:-1\" \/>\n<link rel=\"canonical\" href=\"https:\/\/wuk-floorball.be\/index.php\/le-wuk-pour-les-jeunes\/\" \/>\n<meta property=\"og:locale\" content=\"fr_FR\" \/>\n<meta property=\"og:type\" content=\"article\" \/>\n<meta property=\"og:title\" content=\"Le WUK pour les jeunes - Wavre Unihockey Kangourous\" \/>\n<meta property=\"og:description\" content=\"Le WUK a pour objectif de faire d\u00e9couvrir le floorball aux plus jeunes \u00e9galement. Plusieurs activit\u00e9s sont d\u00e9j\u00e0 possibles en attendant le d\u00e9marrage des entrainements r\u00e9guliers. Tournoi inter-\u00e9coles &#8211; Mercredi 15 avril 2026 Tu vas \u00e0 l&rsquo;\u00e9cole dans les environs de Wavre? tu veux te tester au floorball avec une bande de potes? Parlez-en \u00e0&hellip; Lire la suite\" \/>\n<meta property=\"og:url\" content=\"https:\/\/wuk-floorball.be\/index.php\/le-wuk-pour-les-jeunes\/\" \/>\n<meta property=\"og:site_name\" content=\"Wavre Unihockey Kangourous\" \/>\n<meta property=\"article:publisher\" content=\"https:\/\/www.facebook.com\/share\/1AF8N5XPAu\/?mibextid=wwXIfr\" \/>\n<meta property=\"article:modified_time\" content=\"2026-03-21T09:23:16+00:00\" \/>\n<meta property=\"og:image\" content=\"https:\/\/wuk-floorball.be\/wp-content\/uploads\/2026\/03\/Flyers_InterEcole_2026.png\" \/>\n\t<meta property=\"og:image:width\" content=\"800\" \/>\n\t<meta property=\"og:image:height\" content=\"1131\" \/>\n\t<meta property=\"og:image:type\" content=\"image\/png\" \/>\n<meta name=\"twitter:card\" content=\"summary_large_image\" \/>\n<meta name=\"twitter:label1\" content=\"Dur\u00e9e de lecture estim\u00e9e\" \/>\n\t<meta name=\"twitter:data1\" content=\"3 minutes\" \/>\n<script type=\"application\/ld+json\" class=\"yoast-schema-graph\">{\"@context\":\"https:\/\/schema.org\",\"@graph\":[{\"@type\":\"WebPage\",\"@id\":\"https:\/\/wuk-floorball.be\/index.php\/le-wuk-pour-les-jeunes\/\",\"url\":\"https:\/\/wuk-floorball.be\/index.php\/le-wuk-pour-les-jeunes\/\",\"name\":\"Le WUK pour les jeunes - Wavre Unihockey Kangourous\",\"isPartOf\":{\"@id\":\"https:\/\/wuk-floorball.be\/#website\"},\"primaryImageOfPage\":{\"@id\":\"https:\/\/wuk-floorball.be\/index.php\/le-wuk-pour-les-jeunes\/#primaryimage\"},\"image\":{\"@id\":\"https:\/\/wuk-floorball.be\/index.php\/le-wuk-pour-les-jeunes\/#primaryimage\"},\"thumbnailUrl\":\"http:\/\/wuk-floorball.be\/wp-content\/uploads\/2026\/03\/Flyers_InterEcole_2026-724x1024.png\",\"datePublished\":\"2026-01-26T20:02:34+00:00\",\"dateModified\":\"2026-03-21T09:23:16+00:00\",\"breadcrumb\":{\"@id\":\"https:\/\/wuk-floorball.be\/index.php\/le-wuk-pour-les-jeunes\/#breadcrumb\"},\"inLanguage\":\"fr-FR\",\"potentialAction\":[{\"@type\":\"ReadAction\",\"target\":[\"https:\/\/wuk-floorball.be\/index.php\/le-wuk-pour-les-jeunes\/\"]}]},{\"@type\":\"ImageObject\",\"inLanguage\":\"fr-FR\",\"@id\":\"https:\/\/wuk-floorball.be\/index.php\/le-wuk-pour-les-jeunes\/#primaryimage\",\"url\":\"https:\/\/wuk-floorball.be\/wp-content\/uploads\/2026\/03\/Flyers_InterEcole_2026.png\",\"contentUrl\":\"https:\/\/wuk-floorball.be\/wp-content\/uploads\/2026\/03\/Flyers_InterEcole_2026.png\",\"width\":800,\"height\":1131},{\"@type\":\"BreadcrumbList\",\"@id\":\"https:\/\/wuk-floorball.be\/index.php\/le-wuk-pour-les-jeunes\/#breadcrumb\",\"itemListElement\":[{\"@type\":\"ListItem\",\"position\":1,\"name\":\"Accueil\",\"item\":\"https:\/\/wuk-floorball.be\/\"},{\"@type\":\"ListItem\",\"position\":2,\"name\":\"Le WUK pour les jeunes\"}]},{\"@type\":\"WebSite\",\"@id\":\"https:\/\/wuk-floorball.be\/#website\",\"url\":\"https:\/\/wuk-floorball.be\/\",\"name\":\"Wavre Unihockey Kangourous\",\"description\":\"Le floorball... prochainement \u00e0 Wavre ...\",\"publisher\":{\"@id\":\"https:\/\/wuk-floorball.be\/#organization\"},\"potentialAction\":[{\"@type\":\"SearchAction\",\"target\":{\"@type\":\"EntryPoint\",\"urlTemplate\":\"https:\/\/wuk-floorball.be\/?s={search_term_string}\"},\"query-input\":{\"@type\":\"PropertyValueSpecification\",\"valueRequired\":true,\"valueName\":\"search_term_string\"}}],\"inLanguage\":\"fr-FR\"},{\"@type\":\"Organization\",\"@id\":\"https:\/\/wuk-floorball.be\/#organization\",\"name\":\"Wavre Unihockey Kangourous\",\"alternateName\":\"WUK\",\"url\":\"https:\/\/wuk-floorball.be\/\",\"logo\":{\"@type\":\"ImageObject\",\"inLanguage\":\"fr-FR\",\"@id\":\"https:\/\/wuk-floorball.be\/#\/schema\/logo\/image\/\",\"url\":\"https:\/\/wuk-floorball.be\/wp-content\/uploads\/2025\/04\/logo.png\",\"contentUrl\":\"https:\/\/wuk-floorball.be\/wp-content\/uploads\/2025\/04\/logo.png\",\"width\":1000,\"height\":1000,\"caption\":\"Wavre Unihockey Kangourous\"},\"image\":{\"@id\":\"https:\/\/wuk-floorball.be\/#\/schema\/logo\/image\/\"},\"sameAs\":[\"https:\/\/www.facebook.com\/share\/1AF8N5XPAu\/?mibextid=wwXIfr\",\"https:\/\/instagram.com\/wukwavreunihockey\",\"https:\/\/linktr.ee\/WavreUnihockeyKangourous\"]}]}<\/script>\n<!-- \/ Yoast SEO plugin. -->","yoast_head_json":{"title":"Le WUK pour les jeunes - Wavre Unihockey Kangourous","robots":{"index":"index","follow":"follow","max-snippet":"max-snippet:-1","max-image-preview":"max-image-preview:large","max-video-preview":"max-video-preview:-1"},"canonical":"https:\/\/wuk-floorball.be\/index.php\/le-wuk-pour-les-jeunes\/","og_locale":"fr_FR","og_type":"article","og_title":"Le WUK pour les jeunes - Wavre Unihockey Kangourous","og_description":"Le WUK a pour objectif de faire d\u00e9couvrir le floorball aux plus jeunes \u00e9galement. Plusieurs activit\u00e9s sont d\u00e9j\u00e0 possibles en attendant le d\u00e9marrage des entrainements r\u00e9guliers. Tournoi inter-\u00e9coles &#8211; Mercredi 15 avril 2026 Tu vas \u00e0 l&rsquo;\u00e9cole dans les environs de Wavre? tu veux te tester au floorball avec une bande de potes? Parlez-en \u00e0&hellip; Lire la suite","og_url":"https:\/\/wuk-floorball.be\/index.php\/le-wuk-pour-les-jeunes\/","og_site_name":"Wavre Unihockey Kangourous","article_publisher":"https:\/\/www.facebook.com\/share\/1AF8N5XPAu\/?mibextid=wwXIfr","article_modified_time":"2026-03-21T09:23:16+00:00","og_image":[{"width":800,"height":1131,"url":"https:\/\/wuk-floorball.be\/wp-content\/uploads\/2026\/03\/Flyers_InterEcole_2026.png","type":"image\/png"}],"twitter_card":"summary_large_image","twitter_misc":{"Dur\u00e9e de lecture estim\u00e9e":"3 minutes"},"schema":{"@context":"https:\/\/schema.org","@graph":[{"@type":"WebPage","@id":"https:\/\/wuk-floorball.be\/index.php\/le-wuk-pour-les-jeunes\/","url":"https:\/\/wuk-floorball.be\/index.php\/le-wuk-pour-les-jeunes\/","name":"Le WUK pour les jeunes - Wavre Unihockey Kangourous","isPartOf":{"@id":"https:\/\/wuk-floorball.be\/#website"},"primaryImageOfPage":{"@id":"https:\/\/wuk-floorball.be\/index.php\/le-wuk-pour-les-jeunes\/#primaryimage"},"image":{"@id":"https:\/\/wuk-floorball.be\/index.php\/le-wuk-pour-les-jeunes\/#primaryimage"},"thumbnailUrl":"http:\/\/wuk-floorball.be\/wp-content\/uploads\/2026\/03\/Flyers_InterEcole_2026-724x1024.png","datePublished":"2026-01-26T20:02:34+00:00","dateModified":"2026-03-21T09:23:16+00:00","breadcrumb":{"@id":"https:\/\/wuk-floorball.be\/index.php\/le-wuk-pour-les-jeunes\/#breadcrumb"},"inLanguage":"fr-FR","potentialAction":[{"@type":"ReadAction","target":["https:\/\/wuk-floorball.be\/index.php\/le-wuk-pour-les-jeunes\/"]}]},{"@type":"ImageObject","inLanguage":"fr-FR","@id":"https:\/\/wuk-floorball.be\/index.php\/le-wuk-pour-les-jeunes\/#primaryimage","url":"https:\/\/wuk-floorball.be\/wp-content\/uploads\/2026\/03\/Flyers_InterEcole_2026.png","contentUrl":"https:\/\/wuk-floorball.be\/wp-content\/uploads\/2026\/03\/Flyers_InterEcole_2026.png","width":800,"height":1131},{"@type":"BreadcrumbList","@id":"https:\/\/wuk-floorball.be\/index.php\/le-wuk-pour-les-jeunes\/#breadcrumb","itemListElement":[{"@type":"ListItem","position":1,"name":"Accueil","item":"https:\/\/wuk-floorball.be\/"},{"@type":"ListItem","position":2,"name":"Le WUK pour les jeunes"}]},{"@type":"WebSite","@id":"https:\/\/wuk-floorball.be\/#website","url":"https:\/\/wuk-floorball.be\/","name":"Wavre Unihockey Kangourous","description":"Le floorball... prochainement \u00e0 Wavre ...","publisher":{"@id":"https:\/\/wuk-floorball.be\/#organization"},"potentialAction":[{"@type":"SearchAction","target":{"@type":"EntryPoint","urlTemplate":"https:\/\/wuk-floorball.be\/?s={search_term_string}"},"query-input":{"@type":"PropertyValueSpecification","valueRequired":true,"valueName":"search_term_string"}}],"inLanguage":"fr-FR"},{"@type":"Organization","@id":"https:\/\/wuk-floorball.be\/#organization","name":"Wavre Unihockey Kangourous","alternateName":"WUK","url":"https:\/\/wuk-floorball.be\/","logo":{"@type":"ImageObject","inLanguage":"fr-FR","@id":"https:\/\/wuk-floorball.be\/#\/schema\/logo\/image\/","url":"https:\/\/wuk-floorball.be\/wp-content\/uploads\/2025\/04\/logo.png","contentUrl":"https:\/\/wuk-floorball.be\/wp-content\/uploads\/2025\/04\/logo.png","width":1000,"height":1000,"caption":"Wavre Unihockey Kangourous"},"image":{"@id":"https:\/\/wuk-floorball.be\/#\/schema\/logo\/image\/"},"sameAs":["https:\/\/www.facebook.com\/share\/1AF8N5XPAu\/?mibextid=wwXIfr","https:\/\/instagram.com\/wukwavreunihockey","https:\/\/linktr.ee\/WavreUnihockeyKangourous"]}]}},"_links":{"self":[{"href":"https:\/\/wuk-floorball.be\/index.php\/wp-json\/wp\/v2\/pages\/788","targetHints":{"allow":["GET"]}}],"collection":[{"href":"https:\/\/wuk-floorball.be\/index.php\/wp-json\/wp\/v2\/pages"}],"about":[{"href":"https:\/\/wuk-floorball.be\/index.php\/wp-json\/wp\/v2\/types\/page"}],"author":[{"embeddable":true,"href":"https:\/\/wuk-floorball.be\/index.php\/wp-json\/wp\/v2\/users\/1"}],"replies":[{"embeddable":true,"href":"https:\/\/wuk-floorball.be\/index.php\/wp-json\/wp\/v2\/comments?post=788"}],"version-history":[{"count":25,"href":"https:\/\/wuk-floorball.be\/index.php\/wp-json\/wp\/v2\/pages\/788\/revisions"}],"predecessor-version":[{"id":944,"href":"https:\/\/wuk-floorball.be\/index.php\/wp-json\/wp\/v2\/pages\/788\/revisions\/944"}],"wp:attachment":[{"href":"https:\/\/wuk-floorball.be\/index.php\/wp-json\/wp\/v2\/media?parent=788"}],"curies":[{"name":"wp","href":"https:\/\/api.w.org\/{rel}","templated":true}]}}